{"id":21,"date":"2024-11-17T12:55:08","date_gmt":"2024-11-17T11:55:08","guid":{"rendered":"http:\/\/anciensbspp.re\/?page_id=21"},"modified":"2024-11-17T12:55:08","modified_gmt":"2024-11-17T11:55:08","slug":"missions-et-valeurs-un-engagement-qui-nous-rassemble","status":"publish","type":"page","link":"https:\/\/anciensbspp.re\/index.php\/missions-et-valeurs-un-engagement-qui-nous-rassemble\/","title":{"rendered":"Missions et valeurs : un engagement qui nous rassemble !"},"content":{"rendered":"\n<p>\u00c0 l\u2019Amicale des Anciens de la BSPP \u2013 La R\u00e9union, notre mission va bien au-del\u00e0 des souvenirs. Nous sommes unis par une passion commune, des valeurs ind\u00e9fectibles et une envie de faire vivre l\u2019esprit de la Brigade. Alors, que faisons-nous concr\u00e8tement ? Voici notre feuille de route :<\/p>\n\n\n\n<ul class=\"wp-block-list\">\n<li><strong>Honorer la m\u00e9moire :<\/strong> Parce que chaque ancien a une histoire qui m\u00e9rite d\u2019\u00eatre racont\u00e9e, nous nous engageons \u00e0 pr\u00e9server et partager le riche patrimoine des sapeurs-pompiers de Paris, ici \u00e0 La R\u00e9union.<\/li>\n\n\n\n<li><strong>Renforcer les liens :<\/strong> Une fois pompier, toujours pompier ! Nous travaillons \u00e0 maintenir la fraternit\u00e9 entre nos membres, qu\u2019ils soient jeunes retrait\u00e9s ou figures historiques de la Brigade.<\/li>\n\n\n\n<li><strong>Tendre la main :<\/strong> Solidarit\u00e9 n\u2019est pas qu\u2019un mot pour nous. Quand un camarade est dans le besoin, l\u2019Amicale est l\u00e0 pour apporter un soutien moral, pratique, ou parfois juste un caf\u00e9 et une bonne blague.<\/li>\n\n\n\n<li><strong>Inspirer les g\u00e9n\u00e9rations futures :<\/strong> Avec nos anecdotes, nous voulons \u00e9veiller des vocations et transmettre nos valeurs de courage et d\u2019excellence aux jeunes R\u00e9unionnais.<\/li>\n<\/ul>\n\n\n\n<p>Bref, notre devise pourrait \u00eatre : <em>&#8220;Rester soud\u00e9s, avancer ensemble et ne jamais oublier d\u2019o\u00f9 nous venons.&#8221;<\/em> Si vous partagez cet \u00e9tat d\u2019esprit, bienvenue dans l\u2019aventure !<\/p>\n","protected":false},"excerpt":{"rendered":"<p>\u00c0 l\u2019Amicale des Anciens de la BSPP \u2013 La R\u00e9union, notre mission va bien au-del\u00e0 des souvenirs. Nous sommes unis par une passion commune, des valeurs ind\u00e9fectibles et une envie [&hellip;]<\/p>\n","protected":false},"author":1,"featured_media":0,"parent":0,"menu_order":0,"comment_status":"closed","ping_status":"closed","template":"","meta":{"_price":"","_stock":"","_tribe_ticket_header":"","_tribe_default_ticket_provider":"","_tribe_ticket_capacity":"0","_ticket_start_date":"","_ticket_end_date":"","_tribe_ticket_show_description":"","_tribe_ticket_show_not_going":false,"_tribe_ticket_use_global_stock":"","_tribe_ticket_global_stock_level":"","_global_stock_mode":"","_global_stock_cap":"","_tribe_rsvp_for_event":"","_tribe_ticket_going_count":"","_tribe_ticket_not_going_count":"","_tribe_tickets_list":"[]","_tribe_ticket_has_attendee_info_fields":false,"footnotes":"","_tec_slr_enabled":"","_tec_slr_layout":""},"class_list":["post-21","page","type-page","status-publish","hentry"],"ticketed":false,"_links":{"self":[{"href":"https:\/\/anciensbspp.re\/index.php\/wp-json\/wp\/v2\/pages\/21","targetHints":{"allow":["GET"]}}],"collection":[{"href":"https:\/\/anciensbspp.re\/index.php\/wp-json\/wp\/v2\/pages"}],"about":[{"href":"https:\/\/anciensbspp.re\/index.php\/wp-json\/wp\/v2\/types\/page"}],"author":[{"embeddable":true,"href":"https:\/\/anciensbspp.re\/index.php\/wp-json\/wp\/v2\/users\/1"}],"replies":[{"embeddable":true,"href":"https:\/\/anciensbspp.re\/index.php\/wp-json\/wp\/v2\/comments?post=21"}],"version-history":[{"count":1,"href":"https:\/\/anciensbspp.re\/index.php\/wp-json\/wp\/v2\/pages\/21\/revisions"}],"predecessor-version":[{"id":22,"href":"https:\/\/anciensbspp.re\/index.php\/wp-json\/wp\/v2\/pages\/21\/revisions\/22"}],"wp:attachment":[{"href":"https:\/\/anciensbspp.re\/index.php\/wp-json\/wp\/v2\/media?parent=21"}],"curies":[{"name":"wp","href":"https:\/\/api.w.org\/{rel}","templated":true}]}}